{"id":318,"date":"2021-01-15T16:09:07","date_gmt":"2021-01-15T16:09:07","guid":{"rendered":"https:\/\/localhost\/linkingpress\/?page_id=318"},"modified":"2024-11-13T11:54:45","modified_gmt":"2024-11-13T11:54:45","slug":"faq","status":"publish","type":"page","link":"https:\/\/www.linkingpress.com\/es\/faq\/","title":{"rendered":"FAQ"},"content":{"rendered":"<div data-elementor-type=\"wp-page\" data-elementor-id=\"318\" class=\"elementor elementor-318\" data-elementor-post-type=\"page\">\n\t\t\t\t\t\t<section class=\"elementor-section elementor-top-section elementor-element elementor-element-135347c elementor-section-boxed elementor-section-height-default elementor-section-height-default\" data-id=\"135347c\" data-element_type=\"section\" data-settings=\"{&quot;background_background&quot;:&quot;classic&quot;,&quot;shape_divider_bottom&quot;:&quot;waves&quot;}\">\n\t\t\t\t\t<div class=\"elementor-shape elementor-shape-bottom\" data-negative=\"false\">\n\t\t\t<svg xmlns=\"http:\/\/www.w3.org\/2000\/svg\" viewbox=\"0 0 1000 100\" preserveaspectratio=\"none\">\n\t<path class=\"elementor-shape-fill\" d=\"M421.9,6.5c22.6-2.5,51.5,0.4,75.5,5.3c23.6,4.9,70.9,23.5,100.5,35.7c75.8,32.2,133.7,44.5,192.6,49.7\tc23.6,2.1,48.7,3.5,103.4-2.5c54.7-6,106.2-25.6,106.2-25.6V0H0v30.3c0,0,72,32.6,158.4,30.5c39.2-0.7,92.8-6.7,134-22.4\tc21.2-8.1,52.2-18.2,79.7-24.2C399.3,7.9,411.6,7.5,421.9,6.5z\"\/>\n<\/svg>\t\t<\/div>\n\t\t\t\t\t<div class=\"elementor-container elementor-column-gap-default\">\n\t\t\t\t\t<div class=\"elementor-column elementor-col-100 elementor-top-column elementor-element elementor-element-dea1ba4\" data-id=\"dea1ba4\" data-element_type=\"column\">\n\t\t\t<div class=\"elementor-widget-wrap elementor-element-populated\">\n\t\t\t\t\t\t<div class=\"elementor-element elementor-element-b692f6c elementor-widget elementor-widget-heading\" data-id=\"b692f6c\" data-element_type=\"widget\" data-widget_type=\"heading.default\">\n\t\t\t\t<div class=\"elementor-widget-container\">\n\t\t\t<h1 class=\"elementor-heading-title elementor-size-default\">Preguntas frecuentes<\/h1>\t\t<\/div>\n\t\t\t\t<\/div>\n\t\t\t\t\t<\/div>\n\t\t<\/div>\n\t\t\t\t\t<\/div>\n\t\t<\/section>\n\t\t\t\t<section class=\"elementor-section elementor-top-section elementor-element elementor-element-d86a3a1 elementor-section-boxed elementor-section-height-default elementor-section-height-default\" data-id=\"d86a3a1\" data-element_type=\"section\">\n\t\t\t\t\t\t<div class=\"elementor-container elementor-column-gap-default\">\n\t\t\t\t\t<div class=\"elementor-column elementor-col-100 elementor-top-column elementor-element elementor-element-be59478\" data-id=\"be59478\" data-element_type=\"column\">\n\t\t\t<div class=\"elementor-widget-wrap elementor-element-populated\">\n\t\t\t\t\t\t<div class=\"elementor-element elementor-element-363958a elementor-widget elementor-widget-text-editor\" data-id=\"363958a\" data-element_type=\"widget\" data-widget_type=\"text-editor.default\">\n\t\t\t\t<div class=\"elementor-widget-container\">\n\t\t\t\t\t\t\t<p><!-- wp:paragraph --><\/p>\n<p><strong>\u00bfCUANTOS DIAS SE TARDA EN QUE SE PUBLIQUE MI ART\u00cdCULO?<\/strong><\/p>\n<p><!-- \/wp:paragraph --><!-- wp:paragraph --><\/p>\n<p>The process can normally take between 8 and 10 working days.<\/p>\n<p><!-- \/wp:paragraph --><!-- wp:paragraph --><\/p>\n<p><strong>\u00bfPUEDO ESCRIBIR\/ENVIAR MI ARTICULO?<\/strong><\/p>\n<p><span style=\"font-size: 15px;\">S\u00ed, siempre que cumpla nuestros est\u00e1ndares de calidad y los requisitos de publicaci\u00f3n, no tenemos ning\u00fan problema en aceptar sus env\u00edos para publicaci\u00f3n, lo que ayudar\u00e1 a acelerar el proceso de publicaci\u00f3n.<\/span><\/p>\n<p><strong style=\"font-size: 15px;\">\u00bfESCRIBEN EL ARTICULO EN LINKINGPRESS?<\/strong><\/p>\n<p><span style=\"font-size: 15px;\">S\u00ed, nuestro equipo de redacci\u00f3n especializado redacta contenido de alta calidad optimizado para SEO.<\/span><\/p>\n<p><strong style=\"font-size: 15px;\">\u00bfTENGO QUE PAGAR MAS POR HACER QUE ESCRIBAN EL ARTICULO?<\/strong><\/p>\n<p><span style=\"font-size: 15px;\">No, nuestro equipo de redacci\u00f3n especializado escribe contenido de alta calidad optimizado para SEO dentro del precio pagado por el art\u00edculo patrocinado.<\/span><\/p>\n<p><strong style=\"font-size: 15px;\">\u00bfQUE TAN LARGOS SON LOS ARTICULOS ESCRITOS POR LINKINGPRESS?<\/strong><\/p>\n<p><span style=\"font-size: 15px;\">Los art\u00edculos generalmente tendr\u00e1n entre 400 y 500 palabras, que es la palabra recomendada para tener un efecto positivo en Google.<\/span><\/p>\n<p><strong style=\"font-size: 15px;\">\u00bfPUEDO ENVIAR ARTICULOS DE MAS DE 500 PALABRAS?<\/strong><\/p>\n<p><span style=\"font-size: 15px;\">S\u00ed, pero primero habr\u00eda que consultar los medios o blogs, aunque generalmente aceptan art\u00edculos de hasta 1000 palabras.<\/span><\/p>\n<p><strong style=\"font-size: 15px;\">\u00bfPODEMOS ESCRIBIR ARTICULOS DE MAS DE 500 PALABRAS?<\/strong><\/p>\n<p><span style=\"font-size: 15px;\">S\u00ed, es posible con un servicio premium escribir art\u00edculos de entre 1000 y 1500 palabras.<\/span><\/p>\n<p><strong style=\"font-size: 15px;\">\u00bfPUEDO PEDIR VER EL ARTICULO ANTES DE SU PUBLICACION?<\/strong><\/p>\n<p><span style=\"font-size: 15px;\">No, hemos escrito miles de art\u00edculos y sabemos lo que hacemos. Los art\u00edculos se elaboran siguiendo el briefing que nos has dado y de ah\u00ed se env\u00edan directamente a su publicaci\u00f3n.<\/span><\/p>\n<p><strong>\u00bfPUEDO INCLUIR FOTOS Y VIDEOS EN MI ARTICULO?<\/strong><\/p>\n<p>Generally, yes, but it is necessary to first consult with the online newspapers and blogs. They will usually accept and include photos without extra cost and, in some cases, will accept videos, but they make ask a special price for that.<\/p>\n<p><strong>\u00bfPUEDEN A\u00d1ADIR FOTOS Y VIDEOS PARA ACOMPA\u00d1AR A MI ART\u00cdCULO?<\/strong><\/p>\n<p>S\u00ed, de forma gratuita a\u00f1adimos una fotograf\u00eda libre de derechos a tu art\u00edculo para hacerlo m\u00e1s atractivo e invitante a leer. NO SON PRODUCCIONES PUBLICITARIAS, SINO FOTOGRAF\u00cdAS DISPONIBLES EN BANCOS DE IM\u00c1GENES. No ofrecemos el servicio de videos.<\/p>\n<p><strong style=\"font-size: 15px;\">\u00bfPUEDO INCLUIR GIFS ANIMADOS?<\/strong><\/p>\n<p><span style=\"font-size: 15px;\">No, no podemos garantizar que los medios acepten publicar gifs animados en el art\u00edculo.<\/span><\/p>\n<p><strong style=\"font-size: 15px;\">\u00bfCUANTOS ENLACES PUEDO INCLUIR EN MI ARTICULO?<\/strong><\/p>\n<p><span style=\"font-size: 15px;\">Puedes incluir hasta 2 enlaces por art\u00edculo, idealmente de la misma marca, producto o servicio para no confundir a los lectores y generar los m\u00e1ximos resultados en Google.<\/span><\/p>\n<p><strong style=\"font-size: 15px;\">\u00bfCU\u00c1NTO TIEMPO PERMANECEN PUBLICADOS MIS ENLACES?<\/strong><\/p>\n<p><span style=\"font-size: 15px;\">Los art\u00edculos permanecer\u00e1n publicados de forma permanente o al menos durante 1 a\u00f1o, salvo que el medio o blog cierre o tenga alg\u00fan problema que se salga de nuestras manos.<\/span><\/p>\n<p><strong>\u00bfLOS ARTICULOS INCLUYEN LA INDICACI\u00d3N DE QUE SON PATROCINADOS?<\/strong><\/p>\n<p>Eso depende. Hay algunos peri\u00f3dicos online e incluso blogs que lo indican y otros que no lo ven necesario. Cons\u00faltanos si quieres estar seguro de esto antes de realizar tu pedido.<\/p>\n<p><strong style=\"font-size: 15px;\">\u00bfPUEDO NEGOCIAR EL PRECIO DE LOS ART\u00cdCULOS?<\/strong><\/p>\n<p><span style=\"font-size: 15px;\">No, los precios publicados son finales. Podemos ofrecer un CUP\u00d3N DE DESCUENTO a clientes recurrentes o a nuevos clientes que realizar\u00e1n una gran inversi\u00f3n en una campa\u00f1a.<\/span><\/p>\n<p><strong style=\"font-size: 15px;\">\u00bfPUEDO OBTENER FACTURAS DE MIS PAGOS?<\/strong><\/p>\n<p><span style=\"font-size: 15px;\">S\u00ed, somos una empresa registrada en Espa\u00f1a y podemos emitir facturas sin ning\u00fan problema.<\/span><\/p>\n<p><strong style=\"font-size: 15px;\">\u00bfCU\u00c1LES SON LAS FORMAS DE PAGO?<\/strong><\/p>\n<p>Pago por tarjeta de cr\u00e9dito<\/p>\n<p><strong>\u00bfPUEDEN PROMOCIONAR MIS ART\u00cdCULOS EN LAS REDES SOCIALES, BLOGS O INCLUSO A TRAV\u00c9S DE TU NEWSLETTER?<\/strong><\/p>\n<p>S\u00ed, aunque habr\u00e1 que consultar a los medios, porque no todo el mundo ofrece este tipo de servicios.\u00a0<\/p>\n<p><strong style=\"font-size: 15px;\">\u00bfPUEDO SUGERIR UN NUEVO PERI\u00d3DICO ONLINE O BLOG DE ALTA CALIDAD QUE NO EST\u00c9 EN LA PLATAFORMA?<\/strong><\/p>\n<p><span style=\"font-size: 15px;\">Seguro. No podemos garantizar que podamos incluirlo r\u00e1pidamente, pero siempre estamos abiertos a las sugerencias de nuestros clientes sobre los medios y blogs con los que les gustar\u00eda trabajar, por lo que realizamos el contacto y negociaci\u00f3n para intentar ofrecerlo en el futuro.<\/span><\/p>\n<p><strong>\u00bfPUEDO SUGERIR MIS MEDIOS\/BLOG?<\/strong><\/p>\n<p>Seguro. Cont\u00e1ctanos y estaremos encantados de evaluar tu medio o blog y llegar a un acuerdo para ofrecerlo a todos nuestros clientes.<\/p>\n<p><strong>\u00bfACEPTAN TODOS LOS TEMAS?<\/strong><\/p>\n<p>No, no aceptamos los siguientes temas:<\/p>\n<ul>\n<li>Contenido relacionado con el sexo (sexshop, servicios sexuales, contactos \u00edntimos, etc.)<\/li>\n<li>Armas<\/li>\n<li>Drogas il\u00edcitas<\/li>\n<li>Tarot, clarividencia<\/li>\n<li>Casos judiciales sin sentencia firme<\/li>\n<li>Contenido de discurso de odio<\/li>\n<li>Temas que no se corresponden claramente con el nicho del peri\u00f3dico\/blog. (No se puede publicar sobre moda en un blog de gastronom\u00eda, por ejemplo).<\/li>\n<li>Contenido que promueva medicamentos o terapias que requieran prescripci\u00f3n m\u00e9dica especializada.<\/li>\n<li>Bebidas alcoh\u00f3licas\u00a0<\/li>\n<\/ul>\n<div><span style=\"font-size: 15px;\">Juegos de azar en l\u00ednea (pregunte antes de realizar el pedido, ya que puede implicar un pago adicional o es posible que el sitio no est\u00e9 abierto a dichos contenidos).<\/span><br \/><span style=\"font-size: 15px;\">Los medios y blogs online se reservan el derecho de no aceptar una determinada tem\u00e1tica cuando la considere inapropiada.<\/span><br \/><strong style=\"font-size: 15px;\"><br \/><\/strong><strong style=\"font-size: 15px;\">\u00bfPOR QU\u00c9 NO HAY ACCESO A MEDIOS Y BLOGS?<\/strong><br \/><span style=\"font-size: 15px;\"><br \/><\/span><span style=\"font-size: 15px;\">Aunque requiere m\u00e1s trabajo, intentamos mantener un estilo uniforme al presentar nuestra oferta a los clientes. Al centralizar el registro de los medios garantizamos que sus datos sean confiables y que puedan hacer realidad la publicaci\u00f3n.<\/span><\/div>\n<p><!-- \/wp:paragraph --><!-- wp:paragraph --><\/p>\n<p><strong>\u00bfPodr\u00eda trabajar como escritor para ustedes?<\/strong><\/p>\n<p><span style=\"font-size: 15px;\">Siempre estamos abiertos a recibir editores de reuniones que puedan ayudarnos.<\/span><\/p>\n<p><!-- \/wp:paragraph --><!-- wp:paragraph --><\/p>\n<p>Reg\u00edstrate GRATIS y sin compromiso en nuestra plataforma.<\/p>\n<p><!-- \/wp:paragraph --><!-- wp:paragraph --><\/p>\n<p>Cont\u00e1ctanos ahora <a href=\"https:\/\/www.linkingpress.com\/es\/main-screen\/contact\/\">ahora<\/a> para obtener m\u00e1s informaci\u00f3n.<\/p>\n<p><!-- \/wp:paragraph --><\/p>\t\t\t\t\t\t<\/div>\n\t\t\t\t<\/div>\n\t\t\t\t\t<\/div>\n\t\t<\/div>\n\t\t\t\t\t<\/div>\n\t\t<\/section>\n\t\t\t\t<\/div>","protected":false},"excerpt":{"rendered":"<p>Frequently Asked Questions (FAQ) HOW MANY DAYS DOES IT TAKE TO PUBLISH AN ARTICLE? The process can normally take between 8 and 10 working days. CAN I WRITE THE ARTICLE? Yes, as long as you have sufficient quality standards to meet publication requirements, we have no problem accepting your submissions for publication, which will help [&hellip;]<\/p>\n","protected":false},"author":1,"featured_media":0,"parent":0,"menu_order":0,"comment_status":"closed","ping_status":"closed","template":"","meta":{"footnotes":""},"class_list":["post-318","page","type-page","status-publish","hentry"],"aioseo_notices":[],"yoast_head":"<!-- This site is optimized with the Yoast SEO Premium plugin v22.3 (Yoast SEO v27.4) - https:\/\/yoast.com\/product\/yoast-seo-premium-wordpress\/ -->\n<title>Any doubt? Look at the FAQ of our services - Linkingpress<\/title>\n<meta name=\"description\" content=\"Any doubt? Please, take a look at the FAQs of our services. In case you don&#039;t see an answer among them, contact us. Thanks.\" \/>\n<meta name=\"robots\" content=\"index, follow, max-snippet:-1, max-image-preview:large, max-video-preview:-1\" \/>\n<link rel=\"canonical\" href=\"https:\/\/www.linkingpress.com\/es\/faq\/\" \/>\n<meta property=\"og:locale\" content=\"es_ES\" \/>\n<meta property=\"og:type\" content=\"article\" \/>\n<meta property=\"og:title\" content=\"FAQ\" \/>\n<meta property=\"og:description\" content=\"Any doubt? Please, take a look at the FAQs of our services. In case you don&#039;t see an answer among them, contact us. Thanks.\" \/>\n<meta property=\"og:url\" content=\"https:\/\/www.linkingpress.com\/es\/faq\/\" \/>\n<meta property=\"og:site_name\" content=\"Linkingpress\" \/>\n<meta property=\"article:publisher\" content=\"https:\/\/www.facebook.com\/Linkingpress.SEO.Branding\" \/>\n<meta property=\"article:modified_time\" content=\"2024-11-13T11:54:45+00:00\" \/>\n<meta property=\"og:image\" content=\"https:\/\/www.linkingpress.com\/wp-content\/uploads\/2021\/01\/LOGO-1.png\" \/>\n\t<meta property=\"og:image:width\" content=\"771\" \/>\n\t<meta property=\"og:image:height\" content=\"135\" \/>\n\t<meta property=\"og:image:type\" content=\"image\/png\" \/>\n<meta name=\"twitter:card\" content=\"summary_large_image\" \/>\n<meta name=\"twitter:site\" content=\"@Linkingpressnow\" \/>\n<meta name=\"twitter:label1\" content=\"Tiempo de lectura\" \/>\n\t<meta name=\"twitter:data1\" content=\"4 minutos\" \/>\n<script type=\"application\/ld+json\" class=\"yoast-schema-graph\">{\"@context\":\"https:\\\/\\\/schema.org\",\"@graph\":[{\"@type\":\"WebPage\",\"@id\":\"https:\\\/\\\/www.linkingpress.com\\\/faq\\\/\",\"url\":\"https:\\\/\\\/www.linkingpress.com\\\/faq\\\/\",\"name\":\"Any doubt? Look at the FAQ of our services - Linkingpress\",\"isPartOf\":{\"@id\":\"https:\\\/\\\/www.linkingpress.com\\\/#website\"},\"datePublished\":\"2021-01-15T16:09:07+00:00\",\"dateModified\":\"2024-11-13T11:54:45+00:00\",\"description\":\"Any doubt? Please, take a look at the FAQs of our services. In case you don't see an answer among them, contact us. Thanks.\",\"breadcrumb\":{\"@id\":\"https:\\\/\\\/www.linkingpress.com\\\/faq\\\/#breadcrumb\"},\"inLanguage\":\"es\",\"potentialAction\":[{\"@type\":\"ReadAction\",\"target\":[\"https:\\\/\\\/www.linkingpress.com\\\/faq\\\/\"]}]},{\"@type\":\"BreadcrumbList\",\"@id\":\"https:\\\/\\\/www.linkingpress.com\\\/faq\\\/#breadcrumb\",\"itemListElement\":[{\"@type\":\"ListItem\",\"position\":1,\"name\":\"Home\",\"item\":\"https:\\\/\\\/www.linkingpress.com\\\/\"},{\"@type\":\"ListItem\",\"position\":2,\"name\":\"FAQ\"}]},{\"@type\":\"WebSite\",\"@id\":\"https:\\\/\\\/www.linkingpress.com\\\/#website\",\"url\":\"https:\\\/\\\/www.linkingpress.com\\\/\",\"name\":\"Linkingpress\",\"description\":\"Linkingpress.com \u2013 Build Your Brand, Boost Your SEO, Break Through the Noise.\",\"publisher\":{\"@id\":\"https:\\\/\\\/www.linkingpress.com\\\/#organization\"},\"potentialAction\":[{\"@type\":\"SearchAction\",\"target\":{\"@type\":\"EntryPoint\",\"urlTemplate\":\"https:\\\/\\\/www.linkingpress.com\\\/?s={search_term_string}\"},\"query-input\":{\"@type\":\"PropertyValueSpecification\",\"valueRequired\":true,\"valueName\":\"search_term_string\"}}],\"inLanguage\":\"es\"},{\"@type\":\"Organization\",\"@id\":\"https:\\\/\\\/www.linkingpress.com\\\/#organization\",\"name\":\"Linking Press\",\"url\":\"https:\\\/\\\/www.linkingpress.com\\\/\",\"logo\":{\"@type\":\"ImageObject\",\"inLanguage\":\"es\",\"@id\":\"https:\\\/\\\/www.linkingpress.com\\\/#\\\/schema\\\/logo\\\/image\\\/\",\"url\":\"https:\\\/\\\/www.linkingpress.com\\\/wp-content\\\/uploads\\\/2021\\\/01\\\/LOGO-1.png\",\"contentUrl\":\"https:\\\/\\\/www.linkingpress.com\\\/wp-content\\\/uploads\\\/2021\\\/01\\\/LOGO-1.png\",\"width\":771,\"height\":135,\"caption\":\"Linking Press\"},\"image\":{\"@id\":\"https:\\\/\\\/www.linkingpress.com\\\/#\\\/schema\\\/logo\\\/image\\\/\"},\"sameAs\":[\"https:\\\/\\\/www.facebook.com\\\/Linkingpress.SEO.Branding\",\"https:\\\/\\\/x.com\\\/Linkingpressnow\",\"https:\\\/\\\/www.instagram.com\\\/linkingpress\\\/\"]}]}<\/script>\n<!-- \/ Yoast SEO Premium plugin. -->","yoast_head_json":{"title":"Any doubt? Look at the FAQ of our services - Linkingpress","description":"Any doubt? Please, take a look at the FAQs of our services. In case you don't see an answer among them, contact us. Thanks.","robots":{"index":"index","follow":"follow","max-snippet":"max-snippet:-1","max-image-preview":"max-image-preview:large","max-video-preview":"max-video-preview:-1"},"canonical":"https:\/\/www.linkingpress.com\/es\/faq\/","og_locale":"es_ES","og_type":"article","og_title":"FAQ","og_description":"Any doubt? Please, take a look at the FAQs of our services. In case you don't see an answer among them, contact us. Thanks.","og_url":"https:\/\/www.linkingpress.com\/es\/faq\/","og_site_name":"Linkingpress","article_publisher":"https:\/\/www.facebook.com\/Linkingpress.SEO.Branding","article_modified_time":"2024-11-13T11:54:45+00:00","og_image":[{"width":771,"height":135,"url":"https:\/\/www.linkingpress.com\/wp-content\/uploads\/2021\/01\/LOGO-1.png","type":"image\/png"}],"twitter_card":"summary_large_image","twitter_site":"@Linkingpressnow","twitter_misc":{"Tiempo de lectura":"4 minutos"},"schema":{"@context":"https:\/\/schema.org","@graph":[{"@type":"WebPage","@id":"https:\/\/www.linkingpress.com\/faq\/","url":"https:\/\/www.linkingpress.com\/faq\/","name":"Any doubt? Look at the FAQ of our services - Linkingpress","isPartOf":{"@id":"https:\/\/www.linkingpress.com\/#website"},"datePublished":"2021-01-15T16:09:07+00:00","dateModified":"2024-11-13T11:54:45+00:00","description":"Any doubt? Please, take a look at the FAQs of our services. In case you don't see an answer among them, contact us. Thanks.","breadcrumb":{"@id":"https:\/\/www.linkingpress.com\/faq\/#breadcrumb"},"inLanguage":"es","potentialAction":[{"@type":"ReadAction","target":["https:\/\/www.linkingpress.com\/faq\/"]}]},{"@type":"BreadcrumbList","@id":"https:\/\/www.linkingpress.com\/faq\/#breadcrumb","itemListElement":[{"@type":"ListItem","position":1,"name":"Home","item":"https:\/\/www.linkingpress.com\/"},{"@type":"ListItem","position":2,"name":"FAQ"}]},{"@type":"WebSite","@id":"https:\/\/www.linkingpress.com\/#website","url":"https:\/\/www.linkingpress.com\/","name":"Linkingpress","description":"Linkingpress.com \u2013 Build Your Brand, Boost Your SEO, Break Through the Noise.","publisher":{"@id":"https:\/\/www.linkingpress.com\/#organization"},"potentialAction":[{"@type":"SearchAction","target":{"@type":"EntryPoint","urlTemplate":"https:\/\/www.linkingpress.com\/?s={search_term_string}"},"query-input":{"@type":"PropertyValueSpecification","valueRequired":true,"valueName":"search_term_string"}}],"inLanguage":"es"},{"@type":"Organization","@id":"https:\/\/www.linkingpress.com\/#organization","name":"Linking Press","url":"https:\/\/www.linkingpress.com\/","logo":{"@type":"ImageObject","inLanguage":"es","@id":"https:\/\/www.linkingpress.com\/#\/schema\/logo\/image\/","url":"https:\/\/www.linkingpress.com\/wp-content\/uploads\/2021\/01\/LOGO-1.png","contentUrl":"https:\/\/www.linkingpress.com\/wp-content\/uploads\/2021\/01\/LOGO-1.png","width":771,"height":135,"caption":"Linking Press"},"image":{"@id":"https:\/\/www.linkingpress.com\/#\/schema\/logo\/image\/"},"sameAs":["https:\/\/www.facebook.com\/Linkingpress.SEO.Branding","https:\/\/x.com\/Linkingpressnow","https:\/\/www.instagram.com\/linkingpress\/"]}]}},"_links":{"self":[{"href":"https:\/\/www.linkingpress.com\/es\/wp-json\/wp\/v2\/pages\/318","targetHints":{"allow":["GET"]}}],"collection":[{"href":"https:\/\/www.linkingpress.com\/es\/wp-json\/wp\/v2\/pages"}],"about":[{"href":"https:\/\/www.linkingpress.com\/es\/wp-json\/wp\/v2\/types\/page"}],"author":[{"embeddable":true,"href":"https:\/\/www.linkingpress.com\/es\/wp-json\/wp\/v2\/users\/1"}],"replies":[{"embeddable":true,"href":"https:\/\/www.linkingpress.com\/es\/wp-json\/wp\/v2\/comments?post=318"}],"version-history":[{"count":3,"href":"https:\/\/www.linkingpress.com\/es\/wp-json\/wp\/v2\/pages\/318\/revisions"}],"predecessor-version":[{"id":16630,"href":"https:\/\/www.linkingpress.com\/es\/wp-json\/wp\/v2\/pages\/318\/revisions\/16630"}],"wp:attachment":[{"href":"https:\/\/www.linkingpress.com\/es\/wp-json\/wp\/v2\/media?parent=318"}],"curies":[{"name":"wp","href":"https:\/\/api.w.org\/{rel}","templated":true}]}}