{"id":1792,"date":"2021-03-26T18:21:33","date_gmt":"2021-03-26T18:21:33","guid":{"rendered":"https:\/\/linkingpress.com\/?page_id=1792"},"modified":"2021-03-26T19:53:17","modified_gmt":"2021-03-26T19:53:17","slug":"preguntas-frecuentes","status":"publish","type":"page","link":"https:\/\/www.linkingpress.com\/es\/preguntas-frecuentes\/","title":{"rendered":"Preguntas Frecuentes"},"content":{"rendered":"<div data-elementor-type=\"wp-page\" data-elementor-id=\"1792\" class=\"elementor elementor-1792\" data-elementor-post-type=\"page\">\n\t\t\t\t\t\t<section class=\"elementor-section elementor-top-section elementor-element elementor-element-135347c elementor-section-boxed elementor-section-height-default elementor-section-height-default\" data-id=\"135347c\" data-element_type=\"section\" data-settings=\"{&quot;background_background&quot;:&quot;classic&quot;,&quot;shape_divider_bottom&quot;:&quot;waves&quot;}\">\n\t\t\t\t\t<div class=\"elementor-shape elementor-shape-bottom\" data-negative=\"false\">\n\t\t\t<svg xmlns=\"http:\/\/www.w3.org\/2000\/svg\" viewbox=\"0 0 1000 100\" preserveaspectratio=\"none\">\n\t<path class=\"elementor-shape-fill\" d=\"M421.9,6.5c22.6-2.5,51.5,0.4,75.5,5.3c23.6,4.9,70.9,23.5,100.5,35.7c75.8,32.2,133.7,44.5,192.6,49.7\tc23.6,2.1,48.7,3.5,103.4-2.5c54.7-6,106.2-25.6,106.2-25.6V0H0v30.3c0,0,72,32.6,158.4,30.5c39.2-0.7,92.8-6.7,134-22.4\tc21.2-8.1,52.2-18.2,79.7-24.2C399.3,7.9,411.6,7.5,421.9,6.5z\"\/>\n<\/svg>\t\t<\/div>\n\t\t\t\t\t<div class=\"elementor-container elementor-column-gap-default\">\n\t\t\t\t\t<div class=\"elementor-column elementor-col-100 elementor-top-column elementor-element elementor-element-dea1ba4\" data-id=\"dea1ba4\" data-element_type=\"column\">\n\t\t\t<div class=\"elementor-widget-wrap elementor-element-populated\">\n\t\t\t\t\t\t<div class=\"elementor-element elementor-element-b692f6c elementor-widget elementor-widget-heading\" data-id=\"b692f6c\" data-element_type=\"widget\" data-widget_type=\"heading.default\">\n\t\t\t\t<div class=\"elementor-widget-container\">\n\t\t\t<h1 class=\"elementor-heading-title elementor-size-default\">Preguntas Frecuentes<\/h1>\t\t<\/div>\n\t\t\t\t<\/div>\n\t\t\t\t\t<\/div>\n\t\t<\/div>\n\t\t\t\t\t<\/div>\n\t\t<\/section>\n\t\t\t\t<section class=\"elementor-section elementor-top-section elementor-element elementor-element-d86a3a1 elementor-section-boxed elementor-section-height-default elementor-section-height-default\" data-id=\"d86a3a1\" data-element_type=\"section\">\n\t\t\t\t\t\t<div class=\"elementor-container elementor-column-gap-default\">\n\t\t\t\t\t<div class=\"elementor-column elementor-col-100 elementor-top-column elementor-element elementor-element-be59478\" data-id=\"be59478\" data-element_type=\"column\">\n\t\t\t<div class=\"elementor-widget-wrap elementor-element-populated\">\n\t\t\t\t\t\t<div class=\"elementor-element elementor-element-363958a elementor-widget elementor-widget-text-editor\" data-id=\"363958a\" data-element_type=\"widget\" data-widget_type=\"text-editor.default\">\n\t\t\t\t<div class=\"elementor-widget-container\">\n\t\t\t\t\t\t\t<h4>\u00bfCU\u00c1NTOS DIAS TARDA LA PUBLICACI\u00d3N DE UN ART\u00cdCULO?<\/h4>\n<p>El proceso puede llevar normalmente entre 8 y 10 d\u00edas h\u00e1biles, pero si contratas el SERVICIO DE PUBLICACION PLUS podemos reducir el tiempo notablemente.<\/p>\n<h4>\u00bfPUEDO ESCRIBIR EL ART\u00cdCULO?<\/h4>\n<p>S\u00ed, siempre que tenga los est\u00e1ndares de calidad suficientes para ser publicado, no tenemos ning\u00fan problema en aceptar que nos env\u00edes los art\u00edculos para su publicaci\u00f3n, algo que ayudar\u00e1 a acelerar el proceso de publicaci\u00f3n sin tener que pagar extra.<\/p>\n<h4>\u00bfLINKINGPRESS ESCRIBE LOS ARTICULOS?<\/h4>\n<p>S\u00ed, efectivamente nuestro equipo especializado en redacci\u00f3n escribe contenidos optimizados para SEO y de gran calidad dentro del pago por art\u00edculo promocionado.<\/p>\n<h4>\u00bfTENGO QUE PAGAR MAS POR QUE ME ESCRIBAN EL ARTICULO?<\/h4>\n<p>No, nuestro equipo especializado en redacci\u00f3n escribe contenidos optimizados para SEO y de gran calidad dentro del pago por art\u00edculo promocionado.<\/p>\n<h4>\u00bfQU\u00c9 EXTENSI\u00d3N TIENEN LOS ARTICULOS ESCRITOS POR LINKINGPRESS?<\/h4>\n<p>Entre 400 y 500 palabras, que es el n\u00famero de palabras recomendadas para tener un efecto positivo en Google.\u00a0<\/p>\n<h4>\u00bfPUEDO ENVIAR ARTICULOS DE MAS DE 500 PALABRAS?<\/h4>\n<p>S\u00ed, aunque hay que consultar con los medios o blogs, aunque de manera general aceptan art\u00edculos de hasta alrededor de 1000 palabras.<\/p>\n<h4>\u00bfPUEDEN ESCRIBIR ARTICULOS DE MAS DE 500 PALABRAS?<\/h4>\n<p>S\u00ed, con un pago especial de REDACCION PLUS podemos escribir art\u00edculos de alrededor de 1000 palabras.<\/p>\n<h4>\u00bfPUEDO PEDIR VER EL ARTICULO ANTES DE SU PUBLICACION?<\/h4>\n<p>S\u00ed, si lo solicitas, te daremos acceso al borrador del art\u00edculo para que lo revises y hagas los comentarios permanentes una \u00fanica vez, por lo que te pedimos que seas preciso en tus indicaciones.<\/p>\n<h4>\u00bfPUEDO INCLUIR FOTOS Y VIDEOS EN MI ARTICULO?<\/h4>\n<p>Generalmente, aunque hay que consultar con los medios y blogs, aunque de manera general aceptan incluir sin coste extra una fotograf\u00eda y en algunos casos hasta un video.<\/p>\n<h4>\u00bfPUEDEN CONSEGUIR FOTOS Y VIDEOS PARA ACOMPA\u00d1AR MI ART\u00cdCULO?<\/h4>\n<p>S\u00ed, podemos a\u00f1adir una fotograf\u00eda libre de derechos a tu art\u00edculo para hacerlo m\u00e1s impactante y que invite a la lectura.\u00a0 NO SE TRATA DE PRODUCCIONES PUBLICITARIAS, SINO DE FOTOGRAFIAS DISPONIBLES EN BANCOS DE IM\u00c1GENES. No ofrecemos el servicio de v\u00eddeos.<\/p>\n<h4>\u00bfPUEDEN INCLUIR GIFS ANIMADOS?<\/h4>\n<p>No, no podemos asegurar que los medios acepten publicar gifs animados en sus medios.<\/p>\n<h4>\u00bfCUANTOS ENLACES PUEDO INCLUIR EN EL ARTICULO?<\/h4>\n<p>Se pueden incluir hasta 2 enlaces por art\u00edculo, idealmente de la misma marca, producto o servicio para no confundir a los lectores y generar el m\u00e1ximo efecto en Google.<\/p>\n<h4>\u00bfCUANTO TIEMPO SE QUEDAN PUBLICADOS MIS ENLACES?<\/h4>\n<p>Los art\u00edculos permanecer\u00e1n publicados permanentemente o como m\u00ednimo 1 a\u00f1o, salvo que el medio o blog cierre o tenga alg\u00fan problema.<\/p>\n<h4>\u00bfLOS ARTICULOS INCLUYEN LA INDICACION DE QUE SON PATROCINADOS?<\/h4>\n<p>Depende. Hay algunos medios que lo indican y otros que no lo ven necesario.\u00a0 Consulta en cada medio para saberlo de antemano.<\/p>\n<h4>\u00bfPUEDO NEGOCIAR EL PRECIO DE LOS ARTICULOS?<\/h4>\n<p>No, los precios publicados son finales. Podemos ofrecer un descuento a clientes recurrentes a partir de las quinta comprar o a nuevos clientes que vayan a realizar una gran inversi\u00f3n en una campa\u00f1a.<\/p>\n<h4>\u00bfPUEDO OBTENER FACTURAS DE MIS PAGOS?<\/h4>\n<p>S\u00ed, somos una empresa registrada en Espa\u00f1a y podemos emitir facturas sin ning\u00fan problema.<\/p>\n<h4>\u00bfCUALES SON LAS FORMAS DE PAGO?<\/h4>\n<p>Tenemos 3 tipos de formas de pago:<\/p>\n<ul>\n<li>Pago por tarjeta de cr\u00e9dito o d\u00e9bito<\/li>\n<li>Paypal (puede haber un pago extra por las comisiones de la plataforma)<\/li>\n<\/ul>\n<h4>\u00bfPUEDEN PROMOVER MI ARTICULOS EN LAS REDES SOCIALES DEL MEDIO O BLOG O INCLUSO A TRAV\u00c9S DE SU NEWSLETTER?<\/h4>\n<p>No es un servicio que tengamos disponible ahora mismo.<\/p>\n<h4>\u00bfPUEDO SUGERIR UN MEDIO?<\/h4>\n<p>Claro.\u00a0 No podemos asegurar que consigamos incluirlo r\u00e1pidamente, pero siempre estamos abiertos a que nuestros clientes nos indiquen los medios y blogs con los que les gustar\u00eda trabajar, as\u00ed que hacemos el contacto y la negociaci\u00f3n para intentar ofrecerlo en el futuro.<\/p>\n<h4>\u00bfPUEDO SUGERIR MI MEDIO\/BLOG?<\/h4>\n<p>Claro.\u00a0 Ponte en contacto con nosotros y ten la seguridad de nos encantar\u00e1 evaluar tu medio o blog y llegar a un acuerdo para ofrecerte a todos nuestros clientes.<\/p>\n<h4>\u00bfACEPTAN TODAS LAS TEMATICAS?<\/h4>\n<p>No, no aceptamos las siguientes tem\u00e1ticas:<\/p>\n<ul>\n<li>Contenido sexual (sexshop, servicios sexuales, contactos \u00edntimos, etc.)<\/li>\n<li>Armas<\/li>\n<li>Drogas il\u00edcitas<\/li>\n<li>Casos legales sin sentencia firme<\/li>\n<li>Contenidos que inciten al odio<\/li>\n<li>Temas que no se correspondan claramente con el nicho del medio\/blog. (No se puede publicar sobre moda en un blog de gastronom\u00eda, por poner un ejemplo).<\/li>\n<li>Contenidos que promuevan medicamentos o terapias que requieren de prescripci\u00f3n m\u00e9dica.<\/li>\n<li>Alcohol y Juego Online, aunque se puede consultar, pero implicar\u00eda un pago extra por determinar.<\/li>\n<li>El medio se reserva el derecho de no aceptar una tem\u00e1tica determinada cuando lo estime conveniente.<\/li>\n<\/ul>\n<h4>\u00bfPOR QUE NO HAY UN ACCESO PARA MEDIOS Y BLOGS?<\/h4>\n<p>Aunque nos lleve m\u00e1s trabajo, intentamos mantener un estilo uniforme en la presentaci\u00f3n de nuestra oferta a los clientes.\u00a0 Al centralizar el alta de los medios, garantizamos que sus datos son fiables y que pueden hacer la publicaci\u00f3n de verdad.<\/p>\n<h4>\u00bfPODRIA TRABAJAR COMO REDACTOR PARA USTEDES?<\/h4>\n<p>Claro. Siempre estamos abiertos a conocer a redactores que nos ayuden.\u00a0 Te invitamos a que <a href=\"https:\/\/www.linkingpress.com\/es\/escribe-para-linkingpress-gana-dinero\/\" target=\"_blank\" rel=\"noopener\">escribas para Linkingpress<\/a>.<\/p>\t\t\t\t\t\t<\/div>\n\t\t\t\t<\/div>\n\t\t\t\t\t<\/div>\n\t\t<\/div>\n\t\t\t\t\t<\/div>\n\t\t<\/section>\n\t\t\t\t<\/div>","protected":false},"excerpt":{"rendered":"<p>Preguntas Frecuentes \u00bfCU\u00c1NTOS DIAS TARDA LA PUBLICACI\u00d3N DE UN ART\u00cdCULO? El proceso puede llevar normalmente entre 8 y 10 d\u00edas h\u00e1biles, pero si contratas el SERVICIO DE PUBLICACION PLUS podemos reducir el tiempo notablemente. \u00bfPUEDO ESCRIBIR EL ART\u00cdCULO? S\u00ed, siempre que tenga los est\u00e1ndares de calidad suficientes para ser publicado, no tenemos ning\u00fan problema en [&hellip;]<\/p>\n","protected":false},"author":1,"featured_media":0,"parent":0,"menu_order":0,"comment_status":"closed","ping_status":"closed","template":"","meta":{"footnotes":""},"class_list":["post-1792","page","type-page","status-publish","hentry"],"aioseo_notices":[],"yoast_head":"<!-- This site is optimized with the Yoast SEO Premium plugin v22.3 (Yoast SEO v27.4) - https:\/\/yoast.com\/product\/yoast-seo-premium-wordpress\/ -->\n<title>Preguntas Frecuentes para aclarar todas tus dudas - Linkingpress<\/title>\n<meta name=\"description\" content=\"Aclara todas tus dudas sobre nuestro servicio con las preguntas frecuentes. Si no te queda claro alg\u00fan tema, ponte en contacto con nosotros.\" \/>\n<meta name=\"robots\" content=\"index, follow, max-snippet:-1, max-image-preview:large, max-video-preview:-1\" \/>\n<link rel=\"canonical\" href=\"https:\/\/www.linkingpress.com\/es\/preguntas-frecuentes\/\" \/>\n<meta property=\"og:locale\" content=\"es_ES\" \/>\n<meta property=\"og:type\" content=\"article\" \/>\n<meta property=\"og:title\" content=\"Preguntas Frecuentes\" \/>\n<meta property=\"og:description\" content=\"Aclara todas tus dudas sobre nuestro servicio con las preguntas frecuentes. Si no te queda claro alg\u00fan tema, ponte en contacto con nosotros.\" \/>\n<meta property=\"og:url\" content=\"https:\/\/www.linkingpress.com\/es\/preguntas-frecuentes\/\" \/>\n<meta property=\"og:site_name\" content=\"Linkingpress\" \/>\n<meta property=\"article:publisher\" content=\"https:\/\/www.facebook.com\/Linkingpress.SEO.Branding\" \/>\n<meta property=\"article:modified_time\" content=\"2021-03-26T19:53:17+00:00\" \/>\n<meta property=\"og:image\" content=\"https:\/\/www.linkingpress.com\/wp-content\/uploads\/2021\/01\/LOGO-1.png\" \/>\n\t<meta property=\"og:image:width\" content=\"771\" \/>\n\t<meta property=\"og:image:height\" content=\"135\" \/>\n\t<meta property=\"og:image:type\" content=\"image\/png\" \/>\n<meta name=\"twitter:card\" content=\"summary_large_image\" \/>\n<meta name=\"twitter:site\" content=\"@Linkingpressnow\" \/>\n<meta name=\"twitter:label1\" content=\"Tiempo de lectura\" \/>\n\t<meta name=\"twitter:data1\" content=\"4 minutos\" \/>\n<script type=\"application\/ld+json\" class=\"yoast-schema-graph\">{\"@context\":\"https:\\\/\\\/schema.org\",\"@graph\":[{\"@type\":\"WebPage\",\"@id\":\"https:\\\/\\\/www.linkingpress.com\\\/preguntas-frecuentes\\\/\",\"url\":\"https:\\\/\\\/www.linkingpress.com\\\/preguntas-frecuentes\\\/\",\"name\":\"Preguntas Frecuentes para aclarar todas tus dudas - Linkingpress\",\"isPartOf\":{\"@id\":\"https:\\\/\\\/www.linkingpress.com\\\/#website\"},\"datePublished\":\"2021-03-26T18:21:33+00:00\",\"dateModified\":\"2021-03-26T19:53:17+00:00\",\"description\":\"Aclara todas tus dudas sobre nuestro servicio con las preguntas frecuentes. Si no te queda claro alg\u00fan tema, ponte en contacto con nosotros.\",\"breadcrumb\":{\"@id\":\"https:\\\/\\\/www.linkingpress.com\\\/preguntas-frecuentes\\\/#breadcrumb\"},\"inLanguage\":\"es\",\"potentialAction\":[{\"@type\":\"ReadAction\",\"target\":[\"https:\\\/\\\/www.linkingpress.com\\\/preguntas-frecuentes\\\/\"]}]},{\"@type\":\"BreadcrumbList\",\"@id\":\"https:\\\/\\\/www.linkingpress.com\\\/preguntas-frecuentes\\\/#breadcrumb\",\"itemListElement\":[{\"@type\":\"ListItem\",\"position\":1,\"name\":\"Home\",\"item\":\"https:\\\/\\\/www.linkingpress.com\\\/\"},{\"@type\":\"ListItem\",\"position\":2,\"name\":\"Preguntas Frecuentes\"}]},{\"@type\":\"WebSite\",\"@id\":\"https:\\\/\\\/www.linkingpress.com\\\/#website\",\"url\":\"https:\\\/\\\/www.linkingpress.com\\\/\",\"name\":\"Linkingpress\",\"description\":\"Linkingpress.com \u2013 Build Your Brand, Boost Your SEO, Break Through the Noise.\",\"publisher\":{\"@id\":\"https:\\\/\\\/www.linkingpress.com\\\/#organization\"},\"potentialAction\":[{\"@type\":\"SearchAction\",\"target\":{\"@type\":\"EntryPoint\",\"urlTemplate\":\"https:\\\/\\\/www.linkingpress.com\\\/?s={search_term_string}\"},\"query-input\":{\"@type\":\"PropertyValueSpecification\",\"valueRequired\":true,\"valueName\":\"search_term_string\"}}],\"inLanguage\":\"es\"},{\"@type\":\"Organization\",\"@id\":\"https:\\\/\\\/www.linkingpress.com\\\/#organization\",\"name\":\"Linking Press\",\"url\":\"https:\\\/\\\/www.linkingpress.com\\\/\",\"logo\":{\"@type\":\"ImageObject\",\"inLanguage\":\"es\",\"@id\":\"https:\\\/\\\/www.linkingpress.com\\\/#\\\/schema\\\/logo\\\/image\\\/\",\"url\":\"https:\\\/\\\/www.linkingpress.com\\\/wp-content\\\/uploads\\\/2021\\\/01\\\/LOGO-1.png\",\"contentUrl\":\"https:\\\/\\\/www.linkingpress.com\\\/wp-content\\\/uploads\\\/2021\\\/01\\\/LOGO-1.png\",\"width\":771,\"height\":135,\"caption\":\"Linking Press\"},\"image\":{\"@id\":\"https:\\\/\\\/www.linkingpress.com\\\/#\\\/schema\\\/logo\\\/image\\\/\"},\"sameAs\":[\"https:\\\/\\\/www.facebook.com\\\/Linkingpress.SEO.Branding\",\"https:\\\/\\\/x.com\\\/Linkingpressnow\",\"https:\\\/\\\/www.instagram.com\\\/linkingpress\\\/\"]}]}<\/script>\n<!-- \/ Yoast SEO Premium plugin. -->","yoast_head_json":{"title":"Preguntas Frecuentes para aclarar todas tus dudas - Linkingpress","description":"Aclara todas tus dudas sobre nuestro servicio con las preguntas frecuentes. Si no te queda claro alg\u00fan tema, ponte en contacto con nosotros.","robots":{"index":"index","follow":"follow","max-snippet":"max-snippet:-1","max-image-preview":"max-image-preview:large","max-video-preview":"max-video-preview:-1"},"canonical":"https:\/\/www.linkingpress.com\/es\/preguntas-frecuentes\/","og_locale":"es_ES","og_type":"article","og_title":"Preguntas Frecuentes","og_description":"Aclara todas tus dudas sobre nuestro servicio con las preguntas frecuentes. Si no te queda claro alg\u00fan tema, ponte en contacto con nosotros.","og_url":"https:\/\/www.linkingpress.com\/es\/preguntas-frecuentes\/","og_site_name":"Linkingpress","article_publisher":"https:\/\/www.facebook.com\/Linkingpress.SEO.Branding","article_modified_time":"2021-03-26T19:53:17+00:00","og_image":[{"width":771,"height":135,"url":"https:\/\/www.linkingpress.com\/wp-content\/uploads\/2021\/01\/LOGO-1.png","type":"image\/png"}],"twitter_card":"summary_large_image","twitter_site":"@Linkingpressnow","twitter_misc":{"Tiempo de lectura":"4 minutos"},"schema":{"@context":"https:\/\/schema.org","@graph":[{"@type":"WebPage","@id":"https:\/\/www.linkingpress.com\/preguntas-frecuentes\/","url":"https:\/\/www.linkingpress.com\/preguntas-frecuentes\/","name":"Preguntas Frecuentes para aclarar todas tus dudas - Linkingpress","isPartOf":{"@id":"https:\/\/www.linkingpress.com\/#website"},"datePublished":"2021-03-26T18:21:33+00:00","dateModified":"2021-03-26T19:53:17+00:00","description":"Aclara todas tus dudas sobre nuestro servicio con las preguntas frecuentes. Si no te queda claro alg\u00fan tema, ponte en contacto con nosotros.","breadcrumb":{"@id":"https:\/\/www.linkingpress.com\/preguntas-frecuentes\/#breadcrumb"},"inLanguage":"es","potentialAction":[{"@type":"ReadAction","target":["https:\/\/www.linkingpress.com\/preguntas-frecuentes\/"]}]},{"@type":"BreadcrumbList","@id":"https:\/\/www.linkingpress.com\/preguntas-frecuentes\/#breadcrumb","itemListElement":[{"@type":"ListItem","position":1,"name":"Home","item":"https:\/\/www.linkingpress.com\/"},{"@type":"ListItem","position":2,"name":"Preguntas Frecuentes"}]},{"@type":"WebSite","@id":"https:\/\/www.linkingpress.com\/#website","url":"https:\/\/www.linkingpress.com\/","name":"Linkingpress","description":"Linkingpress.com \u2013 Build Your Brand, Boost Your SEO, Break Through the Noise.","publisher":{"@id":"https:\/\/www.linkingpress.com\/#organization"},"potentialAction":[{"@type":"SearchAction","target":{"@type":"EntryPoint","urlTemplate":"https:\/\/www.linkingpress.com\/?s={search_term_string}"},"query-input":{"@type":"PropertyValueSpecification","valueRequired":true,"valueName":"search_term_string"}}],"inLanguage":"es"},{"@type":"Organization","@id":"https:\/\/www.linkingpress.com\/#organization","name":"Linking Press","url":"https:\/\/www.linkingpress.com\/","logo":{"@type":"ImageObject","inLanguage":"es","@id":"https:\/\/www.linkingpress.com\/#\/schema\/logo\/image\/","url":"https:\/\/www.linkingpress.com\/wp-content\/uploads\/2021\/01\/LOGO-1.png","contentUrl":"https:\/\/www.linkingpress.com\/wp-content\/uploads\/2021\/01\/LOGO-1.png","width":771,"height":135,"caption":"Linking Press"},"image":{"@id":"https:\/\/www.linkingpress.com\/#\/schema\/logo\/image\/"},"sameAs":["https:\/\/www.facebook.com\/Linkingpress.SEO.Branding","https:\/\/x.com\/Linkingpressnow","https:\/\/www.instagram.com\/linkingpress\/"]}]}},"_links":{"self":[{"href":"https:\/\/www.linkingpress.com\/es\/wp-json\/wp\/v2\/pages\/1792","targetHints":{"allow":["GET"]}}],"collection":[{"href":"https:\/\/www.linkingpress.com\/es\/wp-json\/wp\/v2\/pages"}],"about":[{"href":"https:\/\/www.linkingpress.com\/es\/wp-json\/wp\/v2\/types\/page"}],"author":[{"embeddable":true,"href":"https:\/\/www.linkingpress.com\/es\/wp-json\/wp\/v2\/users\/1"}],"replies":[{"embeddable":true,"href":"https:\/\/www.linkingpress.com\/es\/wp-json\/wp\/v2\/comments?post=1792"}],"version-history":[{"count":0,"href":"https:\/\/www.linkingpress.com\/es\/wp-json\/wp\/v2\/pages\/1792\/revisions"}],"wp:attachment":[{"href":"https:\/\/www.linkingpress.com\/es\/wp-json\/wp\/v2\/media?parent=1792"}],"curies":[{"name":"wp","href":"https:\/\/api.w.org\/{rel}","templated":true}]}}