{"id":1787,"date":"2021-03-26T17:35:56","date_gmt":"2021-03-26T17:35:56","guid":{"rendered":"https:\/\/linkingpress.com\/?page_id=1787"},"modified":"2023-06-09T17:19:45","modified_gmt":"2023-06-09T17:19:45","slug":"contacto","status":"publish","type":"page","link":"https:\/\/www.linkingpress.com\/es\/home-3-2\/contacto\/","title":{"rendered":"Contacto"},"content":{"rendered":"\t\t<div data-elementor-type=\"wp-page\" data-elementor-id=\"1787\" class=\"elementor elementor-1787\" data-elementor-post-type=\"page\">\n\t\t\t\t\t\t<section class=\"elementor-section elementor-top-section elementor-element elementor-element-d9a29ba elementor-section-stretched elementor-section-full_width elementor-section-height-default elementor-section-height-default\" data-id=\"d9a29ba\" data-element_type=\"section\" data-settings=\"{&quot;stretch_section&quot;:&quot;section-stretched&quot;,&quot;background_background&quot;:&quot;slideshow&quot;,&quot;shape_divider_bottom&quot;:&quot;waves&quot;,&quot;background_slideshow_gallery&quot;:[{&quot;id&quot;:876,&quot;url&quot;:&quot;http:\\\/\\\/linkingpress.com\\\/wp-content\\\/uploads\\\/2021\\\/02\\\/glenn-carstens-peters-npxXWgQ33ZQ-unsplash-scaled.jpg&quot;}],&quot;background_slideshow_loop&quot;:&quot;yes&quot;,&quot;background_slideshow_slide_duration&quot;:5000,&quot;background_slideshow_slide_transition&quot;:&quot;fade&quot;,&quot;background_slideshow_transition_duration&quot;:500}\">\n\t\t\t\t\t\t\t<div class=\"elementor-background-overlay\"><\/div>\n\t\t\t\t\t\t<div class=\"elementor-shape elementor-shape-bottom\" data-negative=\"false\">\n\t\t\t<svg xmlns=\"http:\/\/www.w3.org\/2000\/svg\" viewBox=\"0 0 1000 100\" preserveAspectRatio=\"none\">\n\t<path class=\"elementor-shape-fill\" d=\"M421.9,6.5c22.6-2.5,51.5,0.4,75.5,5.3c23.6,4.9,70.9,23.5,100.5,35.7c75.8,32.2,133.7,44.5,192.6,49.7\n\tc23.6,2.1,48.7,3.5,103.4-2.5c54.7-6,106.2-25.6,106.2-25.6V0H0v30.3c0,0,72,32.6,158.4,30.5c39.2-0.7,92.8-6.7,134-22.4\n\tc21.2-8.1,52.2-18.2,79.7-24.2C399.3,7.9,411.6,7.5,421.9,6.5z\"\/>\n<\/svg>\t\t<\/div>\n\t\t\t\t\t<div class=\"elementor-container elementor-column-gap-default\">\n\t\t\t\t\t<div class=\"elementor-column elementor-col-100 elementor-top-column elementor-element elementor-element-76315fb\" data-id=\"76315fb\" data-element_type=\"column\">\n\t\t\t<div class=\"elementor-widget-wrap elementor-element-populated\">\n\t\t\t\t\t\t<div class=\"elementor-element elementor-element-20d5151 elementor-headline--style-highlight elementor-widget elementor-widget-animated-headline\" data-id=\"20d5151\" data-element_type=\"widget\" data-settings=\"{&quot;marker&quot;:&quot;double_underline&quot;,&quot;highlighted_text&quot;:&quot;Contacto&quot;,&quot;headline_style&quot;:&quot;highlight&quot;,&quot;loop&quot;:&quot;yes&quot;,&quot;highlight_animation_duration&quot;:1200,&quot;highlight_iteration_delay&quot;:8000}\" data-widget_type=\"animated-headline.default\">\n\t\t\t\t<div class=\"elementor-widget-container\">\n\t\t\t\t\t<h1 class=\"elementor-headline\">\n\t\t\t\t<span class=\"elementor-headline-dynamic-wrapper elementor-headline-text-wrapper\">\n\t\t\t\t\t<span class=\"elementor-headline-dynamic-text elementor-headline-text-active\">Contacto<\/span>\n\t\t\t\t<\/span>\n\t\t\t\t<\/h1>\n\t\t\t\t<\/div>\n\t\t\t\t<\/div>\n\t\t\t\t\t<\/div>\n\t\t<\/div>\n\t\t\t\t\t<\/div>\n\t\t<\/section>\n\t\t\t\t<section class=\"elementor-section elementor-top-section elementor-element elementor-element-eab66d3 elementor-section-boxed elementor-section-height-default elementor-section-height-default\" data-id=\"eab66d3\" data-element_type=\"section\" data-settings=\"{&quot;background_background&quot;:&quot;classic&quot;}\">\n\t\t\t\t\t\t<div class=\"elementor-container elementor-column-gap-default\">\n\t\t\t\t\t<div class=\"elementor-column elementor-col-50 elementor-top-column elementor-element elementor-element-01b4328\" data-id=\"01b4328\" data-element_type=\"column\" data-settings=\"{&quot;background_background&quot;:&quot;classic&quot;}\">\n\t\t\t<div class=\"elementor-widget-wrap elementor-element-populated\">\n\t\t\t\t\t\t<div class=\"elementor-element elementor-element-65088dd elementor-widget elementor-widget-heading\" data-id=\"65088dd\" data-element_type=\"widget\" data-widget_type=\"heading.default\">\n\t\t\t\t<div class=\"elementor-widget-container\">\n\t\t\t<h2 class=\"elementor-heading-title elementor-size-default\">\u00a1Nos encantar\u00e1 saber de ti!<\/h2>\t\t<\/div>\n\t\t\t\t<\/div>\n\t\t\t\t<div class=\"elementor-element elementor-element-95e778b elementor-widget elementor-widget-text-editor\" data-id=\"95e778b\" data-element_type=\"widget\" data-widget_type=\"text-editor.default\">\n\t\t\t\t<div class=\"elementor-widget-container\">\n\t\t\t\t\t\t\t<p>\u00a1Ponte en contacto con Linkingpress! Queremos ayudarte a conseguir tus objetivos como<\/p><ul><li><a href=\"https:\/\/linkingpress.com\/\" target=\"_blank\" rel=\"noopener\">Empresa o Marca<\/a><\/li><li><a href=\"https:\/\/linkingpress.com\/agencias-y-profesionales-seo\/\" target=\"_blank\" rel=\"noopener\">Agencias y profesionales SEO<\/a><\/li><li><a href=\"https:\/\/linkingpress.com\/agencias-de-comunicacion\/\" target=\"_blank\" rel=\"noopener\">Agencia de Comunicaci\u00f3n<\/a><\/li><li><a href=\"https:\/\/linkingpress.com\/ecommerce-y-pymes\/\" target=\"_blank\" rel=\"noopener\">Ecommerces y PYMEs<\/a><\/li><\/ul><p>Ya sea que necesites realizar la compra de un <a href=\"https:\/\/linkingpress.com\/articulos-patrocinados\/\" target=\"_blank\" rel=\"noopener\">art\u00edculo patrocinado<\/a> para obtener enlaces para tu web y potenciar tus rankings, o que requieras distribuir una <a href=\"https:\/\/linkingpress.com\/notas-de-prensa-publicaciones-garantizadas\/\" target=\"_blank\" rel=\"noopener\">nota de prensa con publicaciones garantizadas<\/a> para que te conozca m\u00e1s tu p\u00fablico objetivo; estamos aqu\u00ed para ayudarte.<\/p><p>Cont\u00e1ctanos ahora pulsando en el chat o envi\u00e1ndonos un mensaje utilizando el formulario de contacto.<\/p><p><strong>\u00a1Te ayudaremos a conseguir tus objetivos!<\/strong><\/p><p>El equipo de Linkingpress<\/p>\t\t\t\t\t\t<\/div>\n\t\t\t\t<\/div>\n\t\t\t\t\t<\/div>\n\t\t<\/div>\n\t\t\t\t<div class=\"elementor-column elementor-col-50 elementor-top-column elementor-element elementor-element-94b15af\" data-id=\"94b15af\" data-element_type=\"column\" data-settings=\"{&quot;background_background&quot;:&quot;classic&quot;}\">\n\t\t\t<div class=\"elementor-widget-wrap elementor-element-populated\">\n\t\t\t\t\t\t<div class=\"elementor-element elementor-element-e20c1ae elementor-widget elementor-widget-shortcode\" data-id=\"e20c1ae\" data-element_type=\"widget\" data-widget_type=\"shortcode.default\">\n\t\t\t\t<div class=\"elementor-widget-container\">\n\t\t\t\t\t<div class=\"elementor-shortcode\">\n<div class=\"wpcf7 no-js\" id=\"wpcf7-f21-o1\" lang=\"en-US\" dir=\"ltr\" data-wpcf7-id=\"21\">\n<div class=\"screen-reader-response\"><p role=\"status\" aria-live=\"polite\" aria-atomic=\"true\"><\/p> <ul><\/ul><\/div>\n<form action=\"\/es\/wp-json\/wp\/v2\/pages\/1787#wpcf7-f21-o1\" method=\"post\" class=\"wpcf7-form init\" aria-label=\"Contact form\" novalidate=\"novalidate\" data-status=\"init\">\n<fieldset class=\"hidden-fields-container\"><input type=\"hidden\" name=\"_wpcf7\" value=\"21\" \/><input type=\"hidden\" name=\"_wpcf7_version\" value=\"6.1.5\" \/><input type=\"hidden\" name=\"_wpcf7_locale\" value=\"en_US\" \/><input type=\"hidden\" name=\"_wpcf7_unit_tag\" value=\"wpcf7-f21-o1\" \/><input type=\"hidden\" name=\"_wpcf7_container_post\" value=\"0\" \/><input type=\"hidden\" name=\"_wpcf7_posted_data_hash\" value=\"\" \/><input type=\"hidden\" name=\"_wpcf7_recaptcha_response\" value=\"\" \/>\n<\/fieldset>\n<p><label> Your name<br \/>\n<span class=\"wpcf7-form-control-wrap\" data-name=\"your-name\"><input size=\"40\" maxlength=\"400\" class=\"wpcf7-form-control wpcf7-text wpcf7-validates-as-required\" aria-required=\"true\" aria-invalid=\"false\" value=\"\" type=\"text\" name=\"your-name\" \/><\/span> <\/label>\n<\/p>\n<p><label> Your email<br \/>\n<span class=\"wpcf7-form-control-wrap\" data-name=\"your-email\"><input size=\"40\" maxlength=\"400\" class=\"wpcf7-form-control wpcf7-email wpcf7-validates-as-required wpcf7-text wpcf7-validates-as-email\" aria-required=\"true\" aria-invalid=\"false\" value=\"\" type=\"email\" name=\"your-email\" \/><\/span> <\/label>\n<\/p>\n<p><label> Subject<br \/>\n<span class=\"wpcf7-form-control-wrap\" data-name=\"your-subject\"><input size=\"40\" maxlength=\"400\" class=\"wpcf7-form-control wpcf7-text wpcf7-validates-as-required\" aria-required=\"true\" aria-invalid=\"false\" value=\"\" type=\"text\" name=\"your-subject\" \/><\/span> <\/label>\n<\/p>\n<p><label> Your message (optional)<br \/>\n<span class=\"wpcf7-form-control-wrap\" data-name=\"your-message\"><textarea cols=\"40\" rows=\"10\" maxlength=\"2000\" class=\"wpcf7-form-control wpcf7-textarea\" aria-invalid=\"false\" name=\"your-message\"><\/textarea><\/span> <\/label>\n<\/p>\n<p><input class=\"wpcf7-form-control wpcf7-submit has-spinner\" type=\"submit\" value=\"Submit\" \/>\n<\/p><div class=\"wpcf7-response-output\" aria-hidden=\"true\"><\/div>\n<\/form>\n<\/div>\n\r\n\t\t\t\t<script>\r\n\t\t\t\tif ( typeof huOptions !== 'undefined' ) {\r\n\t\t\t\t\tvar huFormData = {\"source\":\"contactform7\",\"id\":21,\"title\":\"Contact form 1\",\"fields\":{\"subject\":{\"first_name\":\"your-name\",\"email\":\"your-email\"},\"preferences\":{\"terms\":\"your-consent\"}}};\r\n\t\t\t\t\tvar huFormNode = document.querySelector( '[id^=\"wpcf7-f21-\"] form' );\r\n\r\n\t\t\t\t\thuFormData['node'] = huFormNode;\r\n\t\t\t\t\thuOptions['forms'].push( huFormData );\r\n\t\t\t\t}\r\n\t\t\t\t<\/script><\/div>\n\t\t\t\t<\/div>\n\t\t\t\t<\/div>\n\t\t\t\t\t<\/div>\n\t\t<\/div>\n\t\t\t\t\t<\/div>\n\t\t<\/section>\n\t\t\t\t<\/div>\n\t\t","protected":false},"excerpt":{"rendered":"<p>Contacto \u00a1Nos encantar\u00e1 saber de ti! \u00a1Ponte en contacto con Linkingpress! Queremos ayudarte a conseguir tus objetivos como Empresa o Marca Agencias y profesionales SEO Agencia de Comunicaci\u00f3n Ecommerces y PYMEs Ya sea que necesites realizar la compra de un art\u00edculo patrocinado para obtener enlaces para tu web y potenciar tus rankings, o que requieras [&hellip;]<\/p>\n","protected":false},"author":1,"featured_media":0,"parent":213,"menu_order":0,"comment_status":"closed","ping_status":"closed","template":"elementor_header_footer","meta":{"footnotes":""},"class_list":["post-1787","page","type-page","status-publish","hentry"],"aioseo_notices":[],"yoast_head":"<!-- This site is optimized with the Yoast SEO Premium plugin v22.3 (Yoast SEO v27.4) - https:\/\/yoast.com\/product\/yoast-seo-premium-wordpress\/ -->\n<title>Ponte en Contacto con Linkingpress - SEO &amp; Branding a tu alcance<\/title>\n<meta name=\"description\" content=\"Entra en contacto con nosotros, tanto si necesitas backlinks o contratar una nota de prensa con contenidos garantizados.\" \/>\n<meta name=\"robots\" content=\"index, follow, max-snippet:-1, max-image-preview:large, max-video-preview:-1\" \/>\n<link rel=\"canonical\" href=\"https:\/\/www.linkingpress.com\/es\/home-3-2\/contacto\/\" \/>\n<meta property=\"og:locale\" content=\"es_ES\" \/>\n<meta property=\"og:type\" content=\"article\" \/>\n<meta property=\"og:title\" content=\"Contacto\" \/>\n<meta property=\"og:description\" content=\"Entra en contacto con nosotros, tanto si necesitas backlinks o contratar una nota de prensa con contenidos garantizados.\" \/>\n<meta property=\"og:url\" content=\"https:\/\/www.linkingpress.com\/es\/home-3-2\/contacto\/\" \/>\n<meta property=\"og:site_name\" content=\"Linkingpress\" \/>\n<meta property=\"article:publisher\" content=\"https:\/\/www.facebook.com\/Linkingpress.SEO.Branding\" \/>\n<meta property=\"article:modified_time\" content=\"2023-06-09T17:19:45+00:00\" \/>\n<meta property=\"og:image\" content=\"https:\/\/www.linkingpress.com\/wp-content\/uploads\/2021\/01\/LOGO-1.png\" \/>\n\t<meta property=\"og:image:width\" content=\"771\" \/>\n\t<meta property=\"og:image:height\" content=\"135\" \/>\n\t<meta property=\"og:image:type\" content=\"image\/png\" \/>\n<meta name=\"twitter:card\" content=\"summary_large_image\" \/>\n<meta name=\"twitter:site\" content=\"@Linkingpressnow\" \/>\n<meta name=\"twitter:label1\" content=\"Tiempo de lectura\" \/>\n\t<meta name=\"twitter:data1\" content=\"1 minuto\" \/>\n<script type=\"application\/ld+json\" class=\"yoast-schema-graph\">{\"@context\":\"https:\\\/\\\/schema.org\",\"@graph\":[{\"@type\":\"WebPage\",\"@id\":\"https:\\\/\\\/www.linkingpress.com\\\/home-3-2\\\/contacto\\\/\",\"url\":\"https:\\\/\\\/www.linkingpress.com\\\/home-3-2\\\/contacto\\\/\",\"name\":\"Ponte en Contacto con Linkingpress - SEO & Branding a tu alcance\",\"isPartOf\":{\"@id\":\"https:\\\/\\\/www.linkingpress.com\\\/#website\"},\"datePublished\":\"2021-03-26T17:35:56+00:00\",\"dateModified\":\"2023-06-09T17:19:45+00:00\",\"description\":\"Entra en contacto con nosotros, tanto si necesitas backlinks o contratar una nota de prensa con contenidos garantizados.\",\"breadcrumb\":{\"@id\":\"https:\\\/\\\/www.linkingpress.com\\\/home-3-2\\\/contacto\\\/#breadcrumb\"},\"inLanguage\":\"es\",\"potentialAction\":[{\"@type\":\"ReadAction\",\"target\":[\"https:\\\/\\\/www.linkingpress.com\\\/home-3-2\\\/contacto\\\/\"]}]},{\"@type\":\"BreadcrumbList\",\"@id\":\"https:\\\/\\\/www.linkingpress.com\\\/home-3-2\\\/contacto\\\/#breadcrumb\",\"itemListElement\":[{\"@type\":\"ListItem\",\"position\":1,\"name\":\"Home\",\"item\":\"https:\\\/\\\/www.linkingpress.com\\\/\"},{\"@type\":\"ListItem\",\"position\":2,\"name\":\"Home3\",\"item\":\"https:\\\/\\\/www.linkingpress.com\\\/home-3-2\\\/\"},{\"@type\":\"ListItem\",\"position\":3,\"name\":\"Contacto\"}]},{\"@type\":\"WebSite\",\"@id\":\"https:\\\/\\\/www.linkingpress.com\\\/#website\",\"url\":\"https:\\\/\\\/www.linkingpress.com\\\/\",\"name\":\"Linkingpress\",\"description\":\"Linkingpress.com \u2013 Build Your Brand, Boost Your SEO, Break Through the Noise.\",\"publisher\":{\"@id\":\"https:\\\/\\\/www.linkingpress.com\\\/#organization\"},\"potentialAction\":[{\"@type\":\"SearchAction\",\"target\":{\"@type\":\"EntryPoint\",\"urlTemplate\":\"https:\\\/\\\/www.linkingpress.com\\\/?s={search_term_string}\"},\"query-input\":{\"@type\":\"PropertyValueSpecification\",\"valueRequired\":true,\"valueName\":\"search_term_string\"}}],\"inLanguage\":\"es\"},{\"@type\":\"Organization\",\"@id\":\"https:\\\/\\\/www.linkingpress.com\\\/#organization\",\"name\":\"Linking Press\",\"url\":\"https:\\\/\\\/www.linkingpress.com\\\/\",\"logo\":{\"@type\":\"ImageObject\",\"inLanguage\":\"es\",\"@id\":\"https:\\\/\\\/www.linkingpress.com\\\/#\\\/schema\\\/logo\\\/image\\\/\",\"url\":\"https:\\\/\\\/www.linkingpress.com\\\/wp-content\\\/uploads\\\/2021\\\/01\\\/LOGO-1.png\",\"contentUrl\":\"https:\\\/\\\/www.linkingpress.com\\\/wp-content\\\/uploads\\\/2021\\\/01\\\/LOGO-1.png\",\"width\":771,\"height\":135,\"caption\":\"Linking Press\"},\"image\":{\"@id\":\"https:\\\/\\\/www.linkingpress.com\\\/#\\\/schema\\\/logo\\\/image\\\/\"},\"sameAs\":[\"https:\\\/\\\/www.facebook.com\\\/Linkingpress.SEO.Branding\",\"https:\\\/\\\/x.com\\\/Linkingpressnow\",\"https:\\\/\\\/www.instagram.com\\\/linkingpress\\\/\"]}]}<\/script>\n<!-- \/ Yoast SEO Premium plugin. -->","yoast_head_json":{"title":"Ponte en Contacto con Linkingpress - SEO & Branding a tu alcance","description":"Entra en contacto con nosotros, tanto si necesitas backlinks o contratar una nota de prensa con contenidos garantizados.","robots":{"index":"index","follow":"follow","max-snippet":"max-snippet:-1","max-image-preview":"max-image-preview:large","max-video-preview":"max-video-preview:-1"},"canonical":"https:\/\/www.linkingpress.com\/es\/home-3-2\/contacto\/","og_locale":"es_ES","og_type":"article","og_title":"Contacto","og_description":"Entra en contacto con nosotros, tanto si necesitas backlinks o contratar una nota de prensa con contenidos garantizados.","og_url":"https:\/\/www.linkingpress.com\/es\/home-3-2\/contacto\/","og_site_name":"Linkingpress","article_publisher":"https:\/\/www.facebook.com\/Linkingpress.SEO.Branding","article_modified_time":"2023-06-09T17:19:45+00:00","og_image":[{"width":771,"height":135,"url":"https:\/\/www.linkingpress.com\/wp-content\/uploads\/2021\/01\/LOGO-1.png","type":"image\/png"}],"twitter_card":"summary_large_image","twitter_site":"@Linkingpressnow","twitter_misc":{"Tiempo de lectura":"1 minuto"},"schema":{"@context":"https:\/\/schema.org","@graph":[{"@type":"WebPage","@id":"https:\/\/www.linkingpress.com\/home-3-2\/contacto\/","url":"https:\/\/www.linkingpress.com\/home-3-2\/contacto\/","name":"Ponte en Contacto con Linkingpress - SEO & Branding a tu alcance","isPartOf":{"@id":"https:\/\/www.linkingpress.com\/#website"},"datePublished":"2021-03-26T17:35:56+00:00","dateModified":"2023-06-09T17:19:45+00:00","description":"Entra en contacto con nosotros, tanto si necesitas backlinks o contratar una nota de prensa con contenidos garantizados.","breadcrumb":{"@id":"https:\/\/www.linkingpress.com\/home-3-2\/contacto\/#breadcrumb"},"inLanguage":"es","potentialAction":[{"@type":"ReadAction","target":["https:\/\/www.linkingpress.com\/home-3-2\/contacto\/"]}]},{"@type":"BreadcrumbList","@id":"https:\/\/www.linkingpress.com\/home-3-2\/contacto\/#breadcrumb","itemListElement":[{"@type":"ListItem","position":1,"name":"Home","item":"https:\/\/www.linkingpress.com\/"},{"@type":"ListItem","position":2,"name":"Home3","item":"https:\/\/www.linkingpress.com\/home-3-2\/"},{"@type":"ListItem","position":3,"name":"Contacto"}]},{"@type":"WebSite","@id":"https:\/\/www.linkingpress.com\/#website","url":"https:\/\/www.linkingpress.com\/","name":"Linkingpress","description":"Linkingpress.com \u2013 Build Your Brand, Boost Your SEO, Break Through the Noise.","publisher":{"@id":"https:\/\/www.linkingpress.com\/#organization"},"potentialAction":[{"@type":"SearchAction","target":{"@type":"EntryPoint","urlTemplate":"https:\/\/www.linkingpress.com\/?s={search_term_string}"},"query-input":{"@type":"PropertyValueSpecification","valueRequired":true,"valueName":"search_term_string"}}],"inLanguage":"es"},{"@type":"Organization","@id":"https:\/\/www.linkingpress.com\/#organization","name":"Linking Press","url":"https:\/\/www.linkingpress.com\/","logo":{"@type":"ImageObject","inLanguage":"es","@id":"https:\/\/www.linkingpress.com\/#\/schema\/logo\/image\/","url":"https:\/\/www.linkingpress.com\/wp-content\/uploads\/2021\/01\/LOGO-1.png","contentUrl":"https:\/\/www.linkingpress.com\/wp-content\/uploads\/2021\/01\/LOGO-1.png","width":771,"height":135,"caption":"Linking Press"},"image":{"@id":"https:\/\/www.linkingpress.com\/#\/schema\/logo\/image\/"},"sameAs":["https:\/\/www.facebook.com\/Linkingpress.SEO.Branding","https:\/\/x.com\/Linkingpressnow","https:\/\/www.instagram.com\/linkingpress\/"]}]}},"_links":{"self":[{"href":"https:\/\/www.linkingpress.com\/es\/wp-json\/wp\/v2\/pages\/1787","targetHints":{"allow":["GET"]}}],"collection":[{"href":"https:\/\/www.linkingpress.com\/es\/wp-json\/wp\/v2\/pages"}],"about":[{"href":"https:\/\/www.linkingpress.com\/es\/wp-json\/wp\/v2\/types\/page"}],"author":[{"embeddable":true,"href":"https:\/\/www.linkingpress.com\/es\/wp-json\/wp\/v2\/users\/1"}],"replies":[{"embeddable":true,"href":"https:\/\/www.linkingpress.com\/es\/wp-json\/wp\/v2\/comments?post=1787"}],"version-history":[{"count":0,"href":"https:\/\/www.linkingpress.com\/es\/wp-json\/wp\/v2\/pages\/1787\/revisions"}],"up":[{"embeddable":true,"href":"https:\/\/www.linkingpress.com\/es\/wp-json\/wp\/v2\/pages\/213"}],"wp:attachment":[{"href":"https:\/\/www.linkingpress.com\/es\/wp-json\/wp\/v2\/media?parent=1787"}],"curies":[{"name":"wp","href":"https:\/\/api.w.org\/{rel}","templated":true}]}}